{"id":3,"date":"2024-03-15T15:34:04","date_gmt":"2024-03-15T15:34:04","guid":{"rendered":"https:\/\/desinfeccionesperez.com\/?page_id=3"},"modified":"2025-03-17T08:47:15","modified_gmt":"2025-03-17T08:47:15","slug":"avisolegal","status":"publish","type":"page","link":"https:\/\/desinfeccionesperez.com\/index.php\/avisolegal\/","title":{"rendered":"POL\u00cdTICA DE PRIVACIDAD"},"content":{"rendered":"\n<h2 class=\"wp-block-heading\">TRATAMIENTO DE LOS DATOS PERSONALES<\/h2>\n\n\n\n<p>Los datos personales recogidos en nuestra p\u00e1gina web son tratados cumpliendo con las exigencias del Reglamento (UE) 2016\/679 del Parlamento Europeo y del Consejo, de 27 de abril de 2016, relativo a la protecci\u00f3n de las personas f\u00edsicas en lo que respecta al tratamiento de datos personales y a la libre circulaci\u00f3n de estos datos, as\u00ed como con la Ley Org\u00e1nica 3\/2018, de 5 de diciembre, de Protecci\u00f3n de Datos Personales y garant\u00eda de los derechos digitales.<\/p>\n\n\n\n<p>As\u00ed mismo, garantizamos que los datos personales son tratados de manera l\u00edcita, leal y transparente, y son recogidos con fines determinados, expl\u00edcitos y leg\u00edtimos, manteni\u00e9ndose limitados a dichos fines y actualizados si fuera necesario. No se permitir\u00e1 la identificaci\u00f3n de los interesados durante m\u00e1s tiempo del necesario y se garantizar\u00e1 su seguridad mediante las medidas t\u00e9cnicas y organizativas adecuadas.<\/p>\n\n\n\n<p><strong>\u00bfQui\u00e9n es responsable de sus datos personales?<\/strong><\/p>\n\n\n\n<p>Raz\u00f3n Social: DESINFECCIONES P\u00c9REZ PE\u00d1AFIEL SL<br>Direcci\u00f3n: Calle Terrazas de Cuellar 2, Local 12, 50007 \u2013 Zaragoza<br>C.I.F.: B50742329<br>Tel\u00e9fono: 976270533<br>E-mail: <a href=\"mailto:correo@desinfeccionesperez.com\">correo@desinfeccionesperez.com<\/a><br>Datos de la inscripci\u00f3n en el Registro Mercantil Zaragoza, Tomo 2181, Libro 0, Folio 163, Secci\u00f3n 8, Hoja Z-22012, Inscr.1\u00aa.<\/p>\n\n\n\n<p><strong>\u00bfPara qu\u00e9 tratamos sus datos y qu\u00e9 nos permite hacerlo? \u00bfPor qu\u00e9 podemos tratar sus datos?<\/strong><\/p>\n\n\n\n<p>Los datos personales ser\u00e1n tratados por la entidad responsable cuando usted los proporcione enviando correos electr\u00f3nicos o llamando por tel\u00e9fono.<\/p>\n\n\n\n<p>Los datos van a ser tratados con la finalidad de comunicarnos con los interesados por cualquier medio y responder a consultas y solicitudes de informaci\u00f3n.<\/p>\n\n\n\n<p>&#8211; Responder a consultas y solicitudes de informaci\u00f3n. Cuando el interesado nos hace llegar una consulta o solicitud de informaci\u00f3n tratamos sus datos con su consentimiento para darle respuesta sobre la consulta o solicitud.<br>&#8211; Comunicarnos comercialmente con los interesados por cualquier medio:<br>    &#8211; Cuando el interesado registra su correo electr\u00f3nico en nuestro formulario al respecto, tratamos sus datos con su consentimiento para mantenerle informado mediante comunicaciones peri\u00f3dicas por medios electr\u00f3nicos sobre nuestros servicios y actividades.<\/p>\n\n\n\n<p>Los interesados pueden oponerse en cada una de las comunicaciones enviadas y adicionalmente mediante el mecanismo previsto en el apartado \u201c\u00bfCu\u00e1les son sus derechos?\u201d.<br>\u2022 Considerar a los candidatos para nuestros procesos selectivos. Si el interesado nos proporciona un curr\u00edculum sus datos se utilizar\u00e1n para incorporarlo a presentes y futuros procesos de selecci\u00f3n en nuestra entidad y para comunicarnos con \u00e9l incluso por medios electr\u00f3nicos en relaci\u00f3n con su candidatura.<\/p>\n\n\n\n<p><strong>\u00bfA qui\u00e9n proporcionamos sus datos?<\/strong><\/p>\n\n\n\n<p>Podemos comunicar los datos personales a terceros proveedores encargados del tratamiento, con la \u00fanica finalidad de que nos presten determinados servicios siguiendo nuestras instrucciones sin utilizar los datos para sus propias finalidades y con objeto de llevar a cabo las actividades que nos son propias, o a las administraciones p\u00fablicas competentes en cumplimiento de obligaciones legales.<\/p>\n\n\n\n<p><strong>\u00bfCu\u00e1nto tiempo conservamos sus datos?<\/strong><\/p>\n\n\n\n<p>Por regla general los datos ser\u00e1n conservados mientras sean compatibles con la finalidad con la que fueron recogidos, en cumplimiento de obligaciones legales de conservaci\u00f3n y para hacer frente a las responsabilidades que pudieran derivarse del tratamiento, para despu\u00e9s ser suprimidos.<\/p>\n\n\n\n<p>Los datos recogidos con la finalidad de comunicarnos comercialmente ser\u00e1n conservados mientras perdure dicha finalidad o el usuario se oponga al tratamiento.<\/p>\n\n\n\n<p><strong>\u00bfCu\u00e1les son sus derechos?<\/strong><\/p>\n\n\n\n<p>Usted podr\u00e1:<br>1. Obtener m\u00e1s informaci\u00f3n<br>2. Retirar su consentimiento cuando lo hubiera prestado para un tratamiento determinado<br>3. Dejar de recibir nuestras comunicaciones de car\u00e1cter comercial, enviando \u201cQuiero dejar de recibir comunicaciones comerciales\u201d al correo electr\u00f3nico del responsable: <a href=\"mailto:correo@desinfeccionesperez.com\">correo@desinfeccionesperez.com<\/a><br>4. Ejercer sus derechos de:<br>\u2022 Acceso, o conocer que datos personales tratamos de usted;<br>\u2022 Rectificaci\u00f3n, o corregir datos personales incorrectos o inexactos;<br>\u2022 Supresi\u00f3n, o a eliminar los datos personales que tenemos de usted que no estemos obligados legalmente a conservar;<br>\u2022 Oposici\u00f3n, o a que dejemos de tratar sus datos personales con una finalidad concreta;<br>\u2022 Limitaci\u00f3n, o a restringir el tratamiento que realizamos;<br>\u2022 Portabilidad, o a que le proporcionemos los datos personales que obran en nuestro poder;<br>Para poder ejercer cualquiera de los derechos que le otorga la normativa de protecci\u00f3n de datos, usted podr\u00e1 solicitar al responsable un formulario para el ejercicio de derechos o descargar directamente cualquiera de los formularios propuestos por la Agencia Espa\u00f1ola de Protecci\u00f3n de Datos a trav\u00e9s de este <a href=\"https:\/\/www.aepd.es\/derechos-y-deberes\/ejerce-tus-derechos\">enlace<\/a> y presentarlo cumplimentado con la informaci\u00f3n adicional que permita acreditar su identidad, en la direcci\u00f3n o correo electr\u00f3nico del responsable: <a href=\"mailto:correo@desinfeccionesperez.com\">correo@desinfeccionesperez.com<\/a><\/p>\n\n\n\n<p>Raz\u00f3n Social: DESINFECCIONES P\u00c9REZ PE\u00d1AFIEL SL<br>Direcci\u00f3n: Calle Terrazas de Cuellar 2, Local 12, 50007 \u2013 Zaragoza<br>C.I.F.: B50742329<br>Tel\u00e9fono: 976270533<br>E-mail: correo@desinfeccionesperez.com<br>Datos de la inscripci\u00f3n en el Registro Mercantil Zaragoza, Tomo 2181, Libro 0, Folio 163, Secci\u00f3n 8, Hoja Z-22012, Inscr.1\u00aa.<\/p>\n\n\n\n<p>Puede encontrar m\u00e1s informaci\u00f3n sobre sus derechos o presentar una reclamaci\u00f3n ante la autoridad de control competente en la Agencia Espa\u00f1ola de Protecci\u00f3n de Datos <a href=\"http:\/\/www.agpd.es\">http:\/\/www.agpd.es<\/a> &#8211; C\/ Jorge Juan, 6. 28001 \u2013 Madrid (901 100 099 &#8211; 912 663 517).<\/p>\n\n\n\n<p><strong>\u00bfC\u00f3mo garantizamos la seguridad de sus datos?<\/strong><br>Hemos adoptado las medidas t\u00e9cnicas y organizativas apropiadas para garantizar un nivel de seguridad adecuado que evite la destrucci\u00f3n, p\u00e9rdida o alteraci\u00f3n accidental o il\u00edcita de datos personales, o la comunicaci\u00f3n o acceso no autorizados a dichos datos.<br>Tambi\u00e9n hemos habilitado procedimientos para responder en los plazos legales oportunos ante cualquier brecha de seguridad que pudiera producirse sobre tus datos personales.<br>Al contratar a proveedores, garantizamos que implantan las medidas de seguridad adecuadas para la protecci\u00f3n de los datos personales.<\/p>\n\n\n\n<p><strong>Cambios en la Pol\u00edtica de Privacidad<\/strong><br>Hemos actualizado esta Pol\u00edtica para adaptarla a los requisitos y obligaciones del Reglamento General de Protecci\u00f3n de Datos.<br>Esta \u00faltima Pol\u00edtica es de fecha: Marzo 2025.<\/p>\n\n\n\n<p><\/p>\n","protected":false},"excerpt":{"rendered":"<p>TRATAMIENTO DE LOS DATOS PERSONALES Los datos personales recogidos en nuestra p\u00e1gina web son tratados cumpliendo con las exigencias del Reglamento (UE) 2016\/679 del Parlamento Europeo y del Consejo, de 27 de abril de 2016, relativo a la protecci\u00f3n de las personas f\u00edsicas en lo que respecta al tratamiento de datos personales y a la&hellip;&nbsp;<a href=\"https:\/\/desinfeccionesperez.com\/index.php\/avisolegal\/\" rel=\"bookmark\">Leer m\u00e1s &raquo;<span class=\"screen-reader-text\">POL\u00cdTICA DE PRIVACIDAD<\/span><\/a><\/p>\n","protected":false},"author":1,"featured_media":0,"parent":0,"menu_order":0,"comment_status":"closed","ping_status":"closed","template":"","meta":{"neve_meta_sidebar":"","neve_meta_container":"","neve_meta_enable_content_width":"off","neve_meta_content_width":100,"neve_meta_title_alignment":"","neve_meta_author_avatar":"","neve_post_elements_order":"","neve_meta_disable_header":"","neve_meta_disable_footer":"","neve_meta_disable_title":"","footnotes":""},"class_list":["post-3","page","type-page","status-publish","hentry"],"_links":{"self":[{"href":"https:\/\/desinfeccionesperez.com\/index.php\/wp-json\/wp\/v2\/pages\/3","targetHints":{"allow":["GET"]}}],"collection":[{"href":"https:\/\/desinfeccionesperez.com\/index.php\/wp-json\/wp\/v2\/pages"}],"about":[{"href":"https:\/\/desinfeccionesperez.com\/index.php\/wp-json\/wp\/v2\/types\/page"}],"author":[{"embeddable":true,"href":"https:\/\/desinfeccionesperez.com\/index.php\/wp-json\/wp\/v2\/users\/1"}],"replies":[{"embeddable":true,"href":"https:\/\/desinfeccionesperez.com\/index.php\/wp-json\/wp\/v2\/comments?post=3"}],"version-history":[{"count":3,"href":"https:\/\/desinfeccionesperez.com\/index.php\/wp-json\/wp\/v2\/pages\/3\/revisions"}],"predecessor-version":[{"id":552,"href":"https:\/\/desinfeccionesperez.com\/index.php\/wp-json\/wp\/v2\/pages\/3\/revisions\/552"}],"wp:attachment":[{"href":"https:\/\/desinfeccionesperez.com\/index.php\/wp-json\/wp\/v2\/media?parent=3"}],"curies":[{"name":"wp","href":"https:\/\/api.w.org\/{rel}","templated":true}]}}