{"id":309,"date":"2020-01-13T11:17:52","date_gmt":"2020-01-13T11:17:52","guid":{"rendered":"https:\/\/demosites.io\/web-agency-gb\/?page_id=5"},"modified":"2024-03-27T10:10:41","modified_gmt":"2024-03-27T10:10:41","slug":"15c42-web-agency-gb-home","status":"publish","type":"page","link":"https:\/\/desinfeccionesperez.com\/","title":{"rendered":"INICIO"},"content":{"rendered":"<div id=\"metaslider-id-478\" style=\"width: 100%;\" class=\"ml-slider-3-108-0 metaslider metaslider-flex metaslider-478 ml-slider ms-theme-default nav-hidden\" role=\"region\" aria-label=\"Presenta1\" data-height=\"600\" data-width=\"1500\">\n    <div id=\"metaslider_container_478\">\n        <div id=\"metaslider_478\">\n            <ul class='slides'>\n                <li style=\"display: block; width: 100%;\" class=\"slide-479 ms-image \" aria-roledescription=\"slide\" data-date=\"2024-03-16 08:17:30\" data-filename=\"slider-avispa.jpg\" data-slide-type=\"image\"><img loading=\"lazy\" decoding=\"async\" src=\"https:\/\/desinfeccionesperez.com\/wp-content\/uploads\/2024\/03\/slider-avispa.jpg\" height=\"600\" width=\"1500\" alt=\"\" class=\"slider-478 slide-479 msDefaultImage\" title=\"slider-avispa\" \/><\/li>\n                <li style=\"display: none; width: 100%;\" class=\"slide-480 ms-image \" aria-roledescription=\"slide\" data-date=\"2024-03-16 08:17:30\" data-filename=\"slider-cucaracha.jpg\" data-slide-type=\"image\"><img loading=\"lazy\" decoding=\"async\" src=\"https:\/\/desinfeccionesperez.com\/wp-content\/uploads\/2024\/03\/slider-cucaracha.jpg\" height=\"600\" width=\"1500\" alt=\"\" class=\"slider-478 slide-480 msDefaultImage\" title=\"slider-cucaracha\" \/><\/li>\n                <li style=\"display: none; width: 100%;\" class=\"slide-481 ms-image \" aria-roledescription=\"slide\" data-date=\"2024-03-16 08:17:30\" data-filename=\"slider-hormiga.jpg\" data-slide-type=\"image\"><img loading=\"lazy\" decoding=\"async\" src=\"https:\/\/desinfeccionesperez.com\/wp-content\/uploads\/2024\/03\/slider-hormiga.jpg\" height=\"600\" width=\"1500\" alt=\"\" class=\"slider-478 slide-481 msDefaultImage\" title=\"slider-hormiga\" \/><\/li>\n                <li style=\"display: none; width: 100%;\" class=\"slide-482 ms-image \" aria-roledescription=\"slide\" data-date=\"2024-03-16 08:17:30\" data-filename=\"slider-rata.jpg\" data-slide-type=\"image\"><img loading=\"lazy\" decoding=\"async\" src=\"https:\/\/desinfeccionesperez.com\/wp-content\/uploads\/2024\/03\/slider-rata.jpg\" height=\"600\" width=\"1500\" alt=\"\" class=\"slider-478 slide-482 msDefaultImage\" title=\"slider-rata\" \/><\/li>\n                <li style=\"display: none; width: 100%;\" class=\"slide-483 ms-image \" aria-roledescription=\"slide\" data-date=\"2024-03-16 08:17:30\" data-filename=\"slider-raton.jpg\" data-slide-type=\"image\"><img loading=\"lazy\" decoding=\"async\" src=\"https:\/\/desinfeccionesperez.com\/wp-content\/uploads\/2024\/03\/slider-raton.jpg\" height=\"600\" width=\"1500\" alt=\"\" class=\"slider-478 slide-483 msDefaultImage\" title=\"slider-raton\" \/><\/li>\n            <\/ul>\n        <\/div>\n        \n    <\/div>\n<\/div>\n\n\n\n<p>  <\/p>\n\n\n\n<p><\/p>\n\n\n\n<p class=\"has-text-align-center has-x-large-font-size\"><strong><mark style=\"background-color:rgba(0, 0, 0, 0)\" class=\"has-inline-color has-neve-link-hover-color-color\">M\u00e1s de 35 a\u00f1os de experiencia en el sector<\/mark><\/strong><\/p>\n\n\n\n<p><\/p>\n\n\n\n<div class=\"wp-block-cover alignfull is-light\" style=\"min-height:473px;aspect-ratio:unset;\"><span aria-hidden=\"true\" class=\"wp-block-cover__background has-background-dim-100 has-background-dim\" style=\"background-color:#ffffff\"><\/span><div class=\"wp-block-cover__inner-container is-layout-flow wp-block-cover-is-layout-flow\">\n<div class=\"wp-block-media-text alignwide is-stacked-on-mobile is-vertically-aligned-center is-image-fill\"><figure class=\"wp-block-media-text__media\" style=\"background-image:url(https:\/\/desinfeccionesperez.com\/wp-content\/uploads\/2024\/03\/desinfecciones-foto.jpg);background-position:50% 50%\"><img loading=\"lazy\" decoding=\"async\" width=\"774\" height=\"576\" src=\"https:\/\/desinfeccionesperez.com\/wp-content\/uploads\/2024\/03\/desinfecciones-foto.jpg\" alt=\"\" class=\"wp-image-386 size-full\" srcset=\"https:\/\/desinfeccionesperez.com\/wp-content\/uploads\/2024\/03\/desinfecciones-foto.jpg 774w, https:\/\/desinfeccionesperez.com\/wp-content\/uploads\/2024\/03\/desinfecciones-foto-300x223.jpg 300w, https:\/\/desinfeccionesperez.com\/wp-content\/uploads\/2024\/03\/desinfecciones-foto-768x572.jpg 768w\" sizes=\"auto, (max-width: 774px) 100vw, 774px\" \/><\/figure><div class=\"wp-block-media-text__content\">\n<h2 class=\"wp-block-heading has-text-color\" style=\"color:#000000;font-size:32px\"><strong>DESINFECCI\u00d3N<\/strong><\/h2>\n\n\n\n<p>Tratamiento profundo de los espacios para destruir los microorganismos pat\u00f3genos que puedan afectar a la salud humana.<\/p>\n\n\n\n<div class=\"wp-block-buttons is-layout-flex wp-block-buttons-is-layout-flex\">\n<div class=\"wp-block-button is-style-primary\"><a class=\"wp-block-button__link wp-element-button\" href=\"https:\/\/desinfeccionesperez.com\/index.php\/desinfeccion\/\">Ir a DESINFECCI\u00d3N<\/a><\/div>\n<\/div>\n<\/div><\/div>\n\n\n\n<p>  <\/p>\n\n\n\n<div class=\"wp-block-media-text alignwide has-media-on-the-right is-stacked-on-mobile is-vertically-aligned-center is-image-fill\" style=\"grid-template-columns:auto 44%\"><div class=\"wp-block-media-text__content\">\n<h2 class=\"wp-block-heading has-text-color\" style=\"color:#000000;font-size:32px\"><strong>DESINSECTACI\u00d3N<\/strong><\/h2>\n\n\n\n<p>Aplicaci\u00f3n de insecticidas para eliminar los insectos existentes y para prevenir su aparici\u00f3n, evitando que se asienten en instalaciones como cocinas, comedores, ba\u00f1os, oficinas, locales, almacenes, grandes instalaciones comerciales \u2026<\/p>\n\n\n\n<div class=\"wp-block-buttons is-layout-flex wp-block-buttons-is-layout-flex\">\n<div class=\"wp-block-button is-style-primary\"><a class=\"wp-block-button__link wp-element-button\" href=\"https:\/\/desinfeccionesperez.com\/index.php\/desinsectacion\/\">Ir a DESINSECTACI\u00d3N<\/a><\/div>\n<\/div>\n<\/div><figure class=\"wp-block-media-text__media\" style=\"background-image:url(https:\/\/desinfeccionesperez.com\/wp-content\/uploads\/2024\/03\/desinsectacion-hormiga-muerta.jpg);background-position:50% 50%\"><img loading=\"lazy\" decoding=\"async\" width=\"600\" height=\"400\" src=\"https:\/\/desinfeccionesperez.com\/wp-content\/uploads\/2024\/03\/desinsectacion-hormiga-muerta.jpg\" alt=\"\" class=\"wp-image-389 size-full\" srcset=\"https:\/\/desinfeccionesperez.com\/wp-content\/uploads\/2024\/03\/desinsectacion-hormiga-muerta.jpg 600w, https:\/\/desinfeccionesperez.com\/wp-content\/uploads\/2024\/03\/desinsectacion-hormiga-muerta-300x200.jpg 300w\" sizes=\"auto, (max-width: 600px) 100vw, 600px\" \/><\/figure><\/div>\n\n\n\n<p>  <\/p>\n\n\n\n<div class=\"wp-block-media-text alignwide is-stacked-on-mobile is-vertically-aligned-center is-image-fill\" style=\"grid-template-columns:54% auto\"><figure class=\"wp-block-media-text__media\" style=\"background-image:url(https:\/\/desinfeccionesperez.com\/wp-content\/uploads\/2024\/03\/desinsectacion-raton-muerto-1.jpg);background-position:50% 50%\"><img loading=\"lazy\" decoding=\"async\" width=\"720\" height=\"482\" src=\"https:\/\/desinfeccionesperez.com\/wp-content\/uploads\/2024\/03\/desinsectacion-raton-muerto-1.jpg\" alt=\"\" class=\"wp-image-530 size-full\" srcset=\"https:\/\/desinfeccionesperez.com\/wp-content\/uploads\/2024\/03\/desinsectacion-raton-muerto-1.jpg 720w, https:\/\/desinfeccionesperez.com\/wp-content\/uploads\/2024\/03\/desinsectacion-raton-muerto-1-300x201.jpg 300w\" sizes=\"auto, (max-width: 720px) 100vw, 720px\" \/><\/figure><div class=\"wp-block-media-text__content\">\n<h2 class=\"wp-block-heading has-text-color\" style=\"color:#000000;font-size:32px\"><strong>DESRATIZACI\u00d3N<\/strong><\/h2>\n\n\n\n<p>Prevenci\u00f3n y eliminaci\u00f3n de posibles roedores, tanto ratas como ratones comunes. La desratizaci\u00f3n pone especial \u00e9nfasis en controlar los posibles lugares de acceso de los roedores, como garajes, s\u00f3tanos, zonas verdes, buhardillas, tejados\u2026 lugares donde es preciso controlar la plaga.<\/p>\n\n\n\n<div class=\"wp-block-buttons is-layout-flex wp-block-buttons-is-layout-flex\">\n<div class=\"wp-block-button is-style-primary\"><a class=\"wp-block-button__link wp-element-button\" href=\"https:\/\/desinfeccionesperez.com\/index.php\/desratizacion\/\">Ir a DESRATIZACI\u00d3N<\/a><\/div>\n<\/div>\n<\/div><\/div>\n<\/div><\/div>\n\n\n\n<p>   <\/p>\n","protected":false},"excerpt":{"rendered":"<p>M\u00e1s de 35 a\u00f1os de experiencia en el sector<\/p>\n","protected":false},"author":1,"featured_media":0,"parent":0,"menu_order":0,"comment_status":"closed","ping_status":"closed","template":"","meta":{"neve_meta_sidebar":"","neve_meta_container":"","neve_meta_enable_content_width":"on","neve_meta_content_width":100,"neve_meta_title_alignment":"","neve_meta_author_avatar":"","neve_post_elements_order":"","neve_meta_disable_header":"","neve_meta_disable_footer":"","neve_meta_disable_title":"on","footnotes":""},"class_list":["post-309","page","type-page","status-publish","hentry"],"_links":{"self":[{"href":"https:\/\/desinfeccionesperez.com\/index.php\/wp-json\/wp\/v2\/pages\/309","targetHints":{"allow":["GET"]}}],"collection":[{"href":"https:\/\/desinfeccionesperez.com\/index.php\/wp-json\/wp\/v2\/pages"}],"about":[{"href":"https:\/\/desinfeccionesperez.com\/index.php\/wp-json\/wp\/v2\/types\/page"}],"author":[{"embeddable":true,"href":"https:\/\/desinfeccionesperez.com\/index.php\/wp-json\/wp\/v2\/users\/1"}],"replies":[{"embeddable":true,"href":"https:\/\/desinfeccionesperez.com\/index.php\/wp-json\/wp\/v2\/comments?post=309"}],"version-history":[{"count":53,"href":"https:\/\/desinfeccionesperez.com\/index.php\/wp-json\/wp\/v2\/pages\/309\/revisions"}],"predecessor-version":[{"id":548,"href":"https:\/\/desinfeccionesperez.com\/index.php\/wp-json\/wp\/v2\/pages\/309\/revisions\/548"}],"wp:attachment":[{"href":"https:\/\/desinfeccionesperez.com\/index.php\/wp-json\/wp\/v2\/media?parent=309"}],"curies":[{"name":"wp","href":"https:\/\/api.w.org\/{rel}","templated":true}]}}