{"id":421,"date":"2024-03-16T07:07:14","date_gmt":"2024-03-16T07:07:14","guid":{"rendered":"https:\/\/desinfeccionesperez.com\/?page_id=421"},"modified":"2024-03-27T10:15:38","modified_gmt":"2024-03-27T10:15:38","slug":"desinsectacion","status":"publish","type":"page","link":"https:\/\/desinfeccionesperez.com\/index.php\/desinsectacion\/","title":{"rendered":"DESINSECTACI\u00d3N"},"content":{"rendered":"<p>Aplicaci\u00f3n de insecticidas para eliminar los insectos existentes y para prevenir su aparici\u00f3n, evitando que se asienten en instalaciones como cocinas, comedores, ba\u00f1os, oficinas, locales, almacenes, grandes instalaciones comerciales &#8230;<br \/>\nEste tratamiento se puede realizar mediante los siguientes m\u00e9todos:<br \/>\n&#8211; Pulverizaci\u00f3n<br \/>\n&#8211; Nebulizaci\u00f3n en fr\u00edo<br \/>\n&#8211; Termonebulizaci\u00f3n<br \/>\n&#8211; Geles y formulaciones \u00absin plazo de seguridad\u00bb<\/p>\n<h2><span style=\"color: #0000ff;\">Somos especialistas en comunidades de vecinos.<\/span><\/h2>\n<p><img loading=\"lazy\" decoding=\"async\" class=\"alignnone size-medium wp-image-389\" src=\"https:\/\/desinfeccionesperez.com\/wp-content\/uploads\/2024\/03\/desinsectacion-hormiga-muerta-300x200.jpg\" alt=\"\" width=\"300\" height=\"200\" srcset=\"https:\/\/desinfeccionesperez.com\/wp-content\/uploads\/2024\/03\/desinsectacion-hormiga-muerta-300x200.jpg 300w, https:\/\/desinfeccionesperez.com\/wp-content\/uploads\/2024\/03\/desinsectacion-hormiga-muerta.jpg 600w\" sizes=\"auto, (max-width: 300px) 100vw, 300px\" \/> <img loading=\"lazy\" decoding=\"async\" class=\"alignnone size-medium wp-image-387\" src=\"https:\/\/desinfeccionesperez.com\/wp-content\/uploads\/2024\/03\/desinsectacion-cucaracha-muerta-300x200.jpg\" alt=\"\" width=\"300\" height=\"200\" srcset=\"https:\/\/desinfeccionesperez.com\/wp-content\/uploads\/2024\/03\/desinsectacion-cucaracha-muerta-300x200.jpg 300w, https:\/\/desinfeccionesperez.com\/wp-content\/uploads\/2024\/03\/desinsectacion-cucaracha-muerta.jpg 626w\" sizes=\"auto, (max-width: 300px) 100vw, 300px\" \/><\/p>\n","protected":false},"excerpt":{"rendered":"<p>Aplicaci\u00f3n de insecticidas para eliminar los insectos existentes y para prevenir su aparici\u00f3n, evitando que se asienten en instalaciones como cocinas, comedores, ba\u00f1os, oficinas, locales, almacenes, grandes instalaciones comerciales &#8230; Este tratamiento se puede realizar mediante los siguientes m\u00e9todos: &#8211; Pulverizaci\u00f3n &#8211; Nebulizaci\u00f3n en fr\u00edo &#8211; Termonebulizaci\u00f3n &#8211; Geles y formulaciones \u00absin plazo de seguridad\u00bb&hellip;&nbsp;<a href=\"https:\/\/desinfeccionesperez.com\/index.php\/desinsectacion\/\" rel=\"bookmark\">Leer m\u00e1s &raquo;<span class=\"screen-reader-text\">DESINSECTACI\u00d3N<\/span><\/a><\/p>\n","protected":false},"author":1,"featured_media":0,"parent":0,"menu_order":0,"comment_status":"closed","ping_status":"closed","template":"","meta":{"neve_meta_sidebar":"","neve_meta_container":"","neve_meta_enable_content_width":"off","neve_meta_content_width":100,"neve_meta_title_alignment":"","neve_meta_author_avatar":"","neve_post_elements_order":"","neve_meta_disable_header":"","neve_meta_disable_footer":"","neve_meta_disable_title":"","footnotes":""},"class_list":["post-421","page","type-page","status-publish","hentry"],"_links":{"self":[{"href":"https:\/\/desinfeccionesperez.com\/index.php\/wp-json\/wp\/v2\/pages\/421","targetHints":{"allow":["GET"]}}],"collection":[{"href":"https:\/\/desinfeccionesperez.com\/index.php\/wp-json\/wp\/v2\/pages"}],"about":[{"href":"https:\/\/desinfeccionesperez.com\/index.php\/wp-json\/wp\/v2\/types\/page"}],"author":[{"embeddable":true,"href":"https:\/\/desinfeccionesperez.com\/index.php\/wp-json\/wp\/v2\/users\/1"}],"replies":[{"embeddable":true,"href":"https:\/\/desinfeccionesperez.com\/index.php\/wp-json\/wp\/v2\/comments?post=421"}],"version-history":[{"count":4,"href":"https:\/\/desinfeccionesperez.com\/index.php\/wp-json\/wp\/v2\/pages\/421\/revisions"}],"predecessor-version":[{"id":549,"href":"https:\/\/desinfeccionesperez.com\/index.php\/wp-json\/wp\/v2\/pages\/421\/revisions\/549"}],"wp:attachment":[{"href":"https:\/\/desinfeccionesperez.com\/index.php\/wp-json\/wp\/v2\/media?parent=421"}],"curies":[{"name":"wp","href":"https:\/\/api.w.org\/{rel}","templated":true}]}}