{"id":61,"date":"2020-01-23T18:21:52","date_gmt":"2020-01-23T18:21:52","guid":{"rendered":"https:\/\/demosites.io\/web-agency-gb\/?page_id=61"},"modified":"2024-03-16T07:25:29","modified_gmt":"2024-03-16T07:25:29","slug":"15c42-web-agency-gb-about-us","status":"publish","type":"page","link":"https:\/\/desinfeccionesperez.com\/index.php\/15c42-web-agency-gb-about-us\/","title":{"rendered":"HISTORIA"},"content":{"rendered":"\r\n<div class=\"wp-block-cover alignfull is-layout-flow wp-block-cover-is-layout-flow\" style=\"min-height: 600px;aspect-ratio:unset;\">\r\n<div class=\"wp-block-cover__inner-container\">\r\n<div class=\"wp-block-group\">\r\n<div class=\"wp-block-columns are-vertically-aligned-center has-neve-text-color-color has-text-color\">\r\n<div class=\"wp-block-column is-vertically-aligned-center\" style=\"flex-basis: 50%;\">\r\n<figure class=\"wp-block-image size-large\"><img loading=\"lazy\" decoding=\"async\" class=\"wp-image-36\" src=\"https:\/\/desinfeccionesperez.com\/wp-content\/uploads\/2020\/01\/neve-web-design-bg-09.jpg\" alt=\"\" width=\"510\" height=\"510\" srcset=\"https:\/\/desinfeccionesperez.com\/wp-content\/uploads\/2020\/01\/neve-web-design-bg-09.jpg 600w, https:\/\/desinfeccionesperez.com\/wp-content\/uploads\/2020\/01\/neve-web-design-bg-09-300x300.jpg 300w, https:\/\/desinfeccionesperez.com\/wp-content\/uploads\/2020\/01\/neve-web-design-bg-09-150x150.jpg 150w\" sizes=\"auto, (max-width: 510px) 100vw, 510px\" \/><\/figure>\r\n<\/div>\r\n<!-- \/wp:post-content -->\r\n\r\n<!-- wp:column {\"verticalAlignment\":\"center\",\"width\":\"50%\"} -->\r\n<div class=\"wp-block-column is-vertically-aligned-center\" style=\"flex-basis: 50%;\"><!-- wp:heading {\"textColor\":\"neve-text-color\"} -->\r\n<h3 class=\"has-neve-text-color-color has-text-color\">\u00bfQui\u00e9nes somos y qu\u00e9 hacemos?<\/h3>\r\n<!-- \/wp:heading -->\r\n\r\n<!-- wp:paragraph {\"textColor\":\"neve-text-color\"} -->\r\n<p class=\"has-neve-text-color-color has-text-color\">Tenemos m\u00e1s de <strong>35 a\u00f1os de experiencia<\/strong> en el sector de la desinfecci\u00f3n. <br \/>Todos los aplicadores son poseedores de la acreditaci\u00f3n de nivel m\u00e1ximo de usos de biocidas, lo cual nos hace ser una empresa reconocida en el sector.<br \/><br \/><br \/><\/p>\r\n<!-- \/wp:paragraph --><\/div>\r\n<!-- \/wp:column --><\/div>\r\n<!-- \/wp:columns -->\r\n\r\n<!-- wp:spacer {\"height\":\"40px\"} -->\r\n<div class=\"wp-block-spacer\" style=\"height: 40px;\" aria-hidden=\"true\">\u00a0<\/div>\r\n<\/div>\r\n<\/div>\r\n<\/div>\r\n<div class=\"wp-block-cover alignfull\" style=\"min-height: 420px;\">\r\n<div class=\"wp-block-cover__inner-container\"><!-- \/wp:spacer -->\r\n\r\n<!-- wp:columns -->\r\n<div class=\"wp-block-columns\"><!-- wp:column {\"className\":\"ticss-4ce656f1\"} -->\r\n<div class=\"wp-block-column ticss-4ce656f1\"><!-- wp:image {\"id\":20,\"sizeSlug\":\"large\",\"linkDestination\":\"none\",\"className\":\"icon-style is-style-rounded\"} -->\r\n<figure class=\"wp-block-image size-large icon-style is-style-rounded\"><img loading=\"lazy\" decoding=\"async\" width=\"72\" height=\"72\" class=\"wp-image-20\" src=\"https:\/\/desinfeccionesperez.com\/wp-content\/uploads\/2020\/01\/neve-webdesign-GB-03.png\" alt=\"\" \/><\/figure>\r\n<!-- \/wp:image -->\r\n\r\n<!-- wp:spacer {\"height\":\"24px\"} -->\r\n<div class=\"wp-block-spacer\" style=\"height: 24px;\" aria-hidden=\"true\">\u00a0<\/div>\r\n<!-- \/wp:spacer -->\r\n\r\n<!-- wp:heading {\"textAlign\":\"left\",\"level\":3,\"textColor\":\"neve-text-color\",\"className\":\"has-text-align-center\"} -->\r\n<h3 class=\"has-text-align-left has-text-align-center has-neve-text-color-color has-text-color\">Experiencia<\/h3>\r\n<!-- \/wp:heading -->\r\n\r\n<!-- wp:paragraph {\"align\":\"left\",\"style\":{\"typography\":{\"fontSize\":15}},\"textColor\":\"neve-text-color\"} -->\r\n<p class=\"has-text-align-left has-neve-text-color-color has-text-color\" style=\"font-size: 15px;\">M\u00e1s de 35 a\u00f1os de experiencia en el sector.<\/p>\r\n<!-- \/wp:paragraph -->\r\n\r\n<!-- wp:spacer {\"height\":\"20px\"} -->\r\n<div class=\"wp-block-spacer\" style=\"height: 20px;\" aria-hidden=\"true\">\u00a0<\/div>\r\n<!-- \/wp:spacer --><\/div>\r\n<!-- \/wp:column -->\r\n\r\n<!-- wp:column {\"className\":\"ticss-f6fc7494\"} -->\r\n<div class=\"wp-block-column ticss-f6fc7494\"><!-- wp:image {\"id\":20,\"sizeSlug\":\"large\",\"linkDestination\":\"none\",\"className\":\"icon-style is-style-rounded\"} -->\r\n<figure class=\"wp-block-image size-large icon-style is-style-rounded\"><img loading=\"lazy\" decoding=\"async\" width=\"72\" height=\"72\" class=\"wp-image-20\" src=\"https:\/\/desinfeccionesperez.com\/wp-content\/uploads\/2020\/01\/neve-webdesign-GB-03.png\" alt=\"\" \/><\/figure>\r\n<!-- \/wp:image -->\r\n\r\n<!-- wp:spacer {\"height\":\"24px\"} -->\r\n<div class=\"wp-block-spacer\" style=\"height: 24px;\" aria-hidden=\"true\">\u00a0<\/div>\r\n<!-- \/wp:spacer -->\r\n\r\n<!-- wp:heading {\"textAlign\":\"left\",\"level\":3,\"textColor\":\"neve-text-color\",\"className\":\"has-text-align-center\"} -->\r\n<h3 class=\"has-text-align-left has-text-align-center has-neve-text-color-color has-text-color\">Acreditaci\u00f3n<\/h3>\r\n<!-- \/wp:heading -->\r\n\r\n<!-- wp:paragraph {\"align\":\"left\",\"style\":{\"typography\":{\"fontSize\":15}},\"textColor\":\"neve-text-color\"} -->\r\n<p class=\"has-text-align-left has-neve-text-color-color has-text-color\" style=\"font-size: 15px;\">Todos los aplicadores son poseedores <br \/>de la acreditaci\u00f3n de nivel m\u00e1ximo.<\/p>\r\n<!-- \/wp:paragraph -->\r\n\r\n<!-- wp:spacer {\"height\":\"20px\"} -->\r\n<div class=\"wp-block-spacer\" style=\"height: 20px;\" aria-hidden=\"true\">\u00a0<\/div>\r\n<!-- \/wp:spacer --><\/div>\r\n<!-- \/wp:column -->\r\n\r\n<!-- wp:column {\"className\":\"ticss-a5b4df29\"} -->\r\n<div class=\"wp-block-column ticss-a5b4df29\"><!-- wp:image {\"id\":20,\"sizeSlug\":\"large\",\"linkDestination\":\"none\",\"className\":\"icon-style is-style-rounded\"} -->\r\n<figure class=\"wp-block-image size-large icon-style is-style-rounded\"><img loading=\"lazy\" decoding=\"async\" width=\"72\" height=\"72\" class=\"wp-image-20\" src=\"https:\/\/desinfeccionesperez.com\/wp-content\/uploads\/2020\/01\/neve-webdesign-GB-03.png\" alt=\"\" \/><\/figure>\r\n<!-- \/wp:image -->\r\n\r\n<!-- wp:spacer {\"height\":\"24px\"} -->\r\n<div class=\"wp-block-spacer\" style=\"height: 24px;\" aria-hidden=\"true\">\u00a0<\/div>\r\n<!-- \/wp:spacer -->\r\n\r\n<!-- wp:heading {\"textAlign\":\"left\",\"level\":3,\"textColor\":\"neve-text-color\",\"className\":\"has-text-align-center\"} -->\r\n<h3 class=\"has-text-align-left has-text-align-center has-neve-text-color-color has-text-color\">Reconocimiento<\/h3>\r\n<!-- \/wp:heading -->\r\n\r\n<!-- wp:paragraph {\"align\":\"left\",\"style\":{\"typography\":{\"fontSize\":15}},\"textColor\":\"neve-text-color\"} -->\r\n<p class=\"has-text-align-left has-neve-text-color-color has-text-color\" style=\"font-size: 15px;\">Empresa reconocida en el sector.<\/p>\r\n<!-- \/wp:paragraph -->\r\n\r\n<!-- wp:spacer {\"height\":\"20px\"} -->\r\n<div class=\"wp-block-spacer\" style=\"height: 20px;\" aria-hidden=\"true\">\u00a0<\/div>\r\n<!-- \/wp:spacer --><\/div>\r\n<!-- \/wp:column --><\/div>\r\n<!-- \/wp:columns -->\r\n\r\n<!-- wp:spacer {\"height\":\"30px\"} -->\r\n<div class=\"wp-block-spacer\" style=\"height: 30px;\" aria-hidden=\"true\">\u00a0<\/div>\r\n<\/div>\r\n<\/div>\r\n<!-- \/wp:cover -->","protected":false},"excerpt":{"rendered":"<p>\u00bfQui\u00e9nes somos y qu\u00e9 hacemos? Tenemos m\u00e1s de 35 a\u00f1os de experiencia en el sector de la desinfecci\u00f3n. Todos los aplicadores son poseedores de la acreditaci\u00f3n de nivel m\u00e1ximo de usos de biocidas, lo cual nos hace ser una empresa reconocida en el sector. \u00a0 \u00a0 Experiencia M\u00e1s de 35 a\u00f1os de experiencia en el&hellip;&nbsp;<a href=\"https:\/\/desinfeccionesperez.com\/index.php\/15c42-web-agency-gb-about-us\/\" rel=\"bookmark\">Leer m\u00e1s &raquo;<span class=\"screen-reader-text\">HISTORIA<\/span><\/a><\/p>\n","protected":false},"author":1,"featured_media":0,"parent":0,"menu_order":0,"comment_status":"closed","ping_status":"closed","template":"","meta":{"neve_meta_sidebar":"","neve_meta_container":"","neve_meta_enable_content_width":"on","neve_meta_content_width":100,"neve_meta_title_alignment":"","neve_meta_author_avatar":"","neve_post_elements_order":"","neve_meta_disable_header":"","neve_meta_disable_footer":"","neve_meta_disable_title":"on","footnotes":""},"class_list":["post-61","page","type-page","status-publish","hentry"],"_links":{"self":[{"href":"https:\/\/desinfeccionesperez.com\/index.php\/wp-json\/wp\/v2\/pages\/61","targetHints":{"allow":["GET"]}}],"collection":[{"href":"https:\/\/desinfeccionesperez.com\/index.php\/wp-json\/wp\/v2\/pages"}],"about":[{"href":"https:\/\/desinfeccionesperez.com\/index.php\/wp-json\/wp\/v2\/types\/page"}],"author":[{"embeddable":true,"href":"https:\/\/desinfeccionesperez.com\/index.php\/wp-json\/wp\/v2\/users\/1"}],"replies":[{"embeddable":true,"href":"https:\/\/desinfeccionesperez.com\/index.php\/wp-json\/wp\/v2\/comments?post=61"}],"version-history":[{"count":13,"href":"https:\/\/desinfeccionesperez.com\/index.php\/wp-json\/wp\/v2\/pages\/61\/revisions"}],"predecessor-version":[{"id":574,"href":"https:\/\/desinfeccionesperez.com\/index.php\/wp-json\/wp\/v2\/pages\/61\/revisions\/574"}],"wp:attachment":[{"href":"https:\/\/desinfeccionesperez.com\/index.php\/wp-json\/wp\/v2\/media?parent=61"}],"curies":[{"name":"wp","href":"https:\/\/api.w.org\/{rel}","templated":true}]}}